{"id":56,"date":"2026-02-18T09:20:25","date_gmt":"2026-02-18T08:20:25","guid":{"rendered":"https:\/\/mojenoveauto.cz\/?page_id=56"},"modified":"2026-03-13T21:43:12","modified_gmt":"2026-03-13T20:43:12","slug":"cenik-sluzeb","status":"publish","type":"page","link":"https:\/\/mojenoveauto.cz\/index.php\/cenik-sluzeb\/","title":{"rendered":"Cen\u00edk slu\u017eeb"},"content":{"rendered":"\n<p class=\"has-text-align-left\">1.&nbsp; <strong>Konzultace<\/strong><\/p>\n\n\n\n<p>1 750 K\u010d\/hod<\/p>\n\n\n\n<p>2.&nbsp; <strong>V\u00fdb\u011br konkr\u00e9tn\u00edho auta<\/strong><\/p>\n\n\n\n<ul class=\"wp-block-list\">\n<li>v\u00fdb\u011br 2-3 vhodn\u00fdch model\u016f<\/li>\n<\/ul>\n\n\n\n<ul class=\"wp-block-list\">\n<li>motor, v\u00fdbava, rizika (nap\u0159. DPF, mild-hybridy, DSG)<\/li>\n<\/ul>\n\n\n\n<ul class=\"wp-block-list\">\n<li>financov\u00e1n\u00ed<\/li>\n<\/ul>\n\n\n\n<ul class=\"wp-block-list\">\n<li>upozorn\u011bn\u00ed na servisn\u00ed provozn\u00ed pasti<\/li>\n<\/ul>\n\n\n\n<p>mal\u00e9 auto: 4 800 K\u010d<\/p>\n\n\n\n<p>st\u0159edn\u00ed t\u0159\u00edda:\u00a0 6 800 K\u010d<\/p>\n\n\n\n<p>pr\u00e9miov\u00fd segment: 9 800 K\u010d<\/p>\n\n\n<div class=\"wp-block-image\">\n<figure class=\"alignright size-full is-resized\"><img loading=\"lazy\" decoding=\"async\" width=\"487\" height=\"730\" src=\"http:\/\/mojenoveauto.cz\/wp-content\/uploads\/2026\/02\/auto-s-usima.jpg\" alt=\"\" class=\"wp-image-115\" style=\"aspect-ratio:0.6671166413287613;width:133px;height:auto\" srcset=\"https:\/\/mojenoveauto.cz\/wp-content\/uploads\/2026\/02\/auto-s-usima.jpg 487w, https:\/\/mojenoveauto.cz\/wp-content\/uploads\/2026\/02\/auto-s-usima-200x300.jpg 200w\" sizes=\"auto, (max-width: 487px) 100vw, 487px\" \/><\/figure>\n<\/div>\n\n\n<p>3. <strong>Doprovod do autosalonu<\/strong><\/p>\n\n\n\n<p>3 800 K\u010d\/hod<\/p>\n\n\n\n<p>Z\u00e1v\u011br: Pokud u\u0161et\u0159\u00edm klientovi jeho \u010das, pomohu mu s v\u00fdb\u011brem vhodn\u00e9ho nov\u00e9ho vozidla, kter\u00fd by byl pro n\u011bj individu\u00e1ln\u011b t\u011b\u017e\u0161\u00ed a n\u011bkdy problematick\u00fd, a je\u0161t\u011b klientovi u\u0161et\u0159\u00edm 50 &#8211; 250 tis. K\u010d, tak \u010d\u00e1stka do 10 tis. K\u010d je dle m\u00fdch zku\u0161enost\u00ed velmi p\u0159ijateln\u00e1.<\/p>\n","protected":false},"excerpt":{"rendered":"<p>1.&nbsp; Konzultace 1 750 K\u010d\/hod 2.&nbsp; V\u00fdb\u011br konkr\u00e9tn\u00edho auta mal\u00e9 auto: 4 800 K\u010d st\u0159edn\u00ed t\u0159\u00edda:\u00a0 6 800 K\u010d pr\u00e9miov\u00fd segment: 9 800 K\u010d 3. Doprovod do autosalonu 3 800 K\u010d\/hod Z\u00e1v\u011br: Pokud u\u0161et\u0159\u00edm klientovi jeho \u010das, pomohu mu s v\u00fdb\u011brem vhodn\u00e9ho nov\u00e9ho vozidla, kter\u00fd by byl pro n\u011bj individu\u00e1ln\u011b [&hellip;]<\/p>\n","protected":false},"author":1,"featured_media":86,"parent":0,"menu_order":0,"comment_status":"closed","ping_status":"closed","template":"","meta":{"footnotes":""},"class_list":["post-56","page","type-page","status-publish","has-post-thumbnail","hentry"],"_links":{"self":[{"href":"https:\/\/mojenoveauto.cz\/index.php\/wp-json\/wp\/v2\/pages\/56","targetHints":{"allow":["GET"]}}],"collection":[{"href":"https:\/\/mojenoveauto.cz\/index.php\/wp-json\/wp\/v2\/pages"}],"about":[{"href":"https:\/\/mojenoveauto.cz\/index.php\/wp-json\/wp\/v2\/types\/page"}],"author":[{"embeddable":true,"href":"https:\/\/mojenoveauto.cz\/index.php\/wp-json\/wp\/v2\/users\/1"}],"replies":[{"embeddable":true,"href":"https:\/\/mojenoveauto.cz\/index.php\/wp-json\/wp\/v2\/comments?post=56"}],"version-history":[{"count":8,"href":"https:\/\/mojenoveauto.cz\/index.php\/wp-json\/wp\/v2\/pages\/56\/revisions"}],"predecessor-version":[{"id":124,"href":"https:\/\/mojenoveauto.cz\/index.php\/wp-json\/wp\/v2\/pages\/56\/revisions\/124"}],"wp:featuredmedia":[{"embeddable":true,"href":"https:\/\/mojenoveauto.cz\/index.php\/wp-json\/wp\/v2\/media\/86"}],"wp:attachment":[{"href":"https:\/\/mojenoveauto.cz\/index.php\/wp-json\/wp\/v2\/media?parent=56"}],"curies":[{"name":"wp","href":"https:\/\/api.w.org\/{rel}","templated":true}]}}