{"id":14,"date":"2026-02-17T22:29:32","date_gmt":"2026-02-17T21:29:32","guid":{"rendered":"http:\/\/mojenoveauto.cz\/?page_id=14"},"modified":"2026-02-21T17:59:52","modified_gmt":"2026-02-21T16:59:52","slug":"contact","status":"publish","type":"page","link":"https:\/\/mojenoveauto.cz\/index.php\/contact\/","title":{"rendered":"Kontakt"},"content":{"rendered":"\n<div class=\"wp-block-columns alignfull is-layout-flex wp-container-core-columns-is-layout-28f84493 wp-block-columns-is-layout-flex\">\n<div class=\"wp-block-column is-layout-flow wp-block-column-is-layout-flow\">\n<div style=\"width: 100%\"><iframe src=\"https:\/\/www.google.com\/maps\/embed?pb=!1m18!1m12!1m3!1d40964.90221995151!2d14.215505848944753!3d50.08055021340481!2m3!1f0!2f0!3f0!3m2!1i1024!2i768!4f13.1!3m3!1m2!1s0x470bbec4977408e3%3A0x400af0f66151900!2sHostivice!5e0!3m2!1scs!2scz!4v1771402069226!5m2!1scs!2scz\" width=\"100%\" height=\"400\" style=\"border:0;\" allowfullscreen=\"\" loading=\"lazy\" referrerpolicy=\"no-referrer-when-downgrade\"><\/iframe><\/div>\n\n\n\n<p><\/p>\n<\/div>\n<\/div>\n\n\n\n<div class=\"wp-block-columns container is-layout-flex wp-container-core-columns-is-layout-28f84493 wp-block-columns-is-layout-flex\">\n<div class=\"wp-block-column is-vertically-aligned-center is-layout-flow wp-block-column-is-layout-flow\">\n<h2 class=\"wp-block-heading hestia-title\">Kontaktujte mne pro detaily<\/h2>\n\n\n\n<div style=\"height:63px\" aria-hidden=\"true\" class=\"wp-block-spacer\"><\/div>\n\n\n\n<figure class=\"wp-block-image size-full\"><img loading=\"lazy\" decoding=\"async\" width=\"600\" height=\"579\" src=\"https:\/\/mojenoveauto.cz\/wp-content\/uploads\/2026\/02\/P1036121-small2.jpg\" alt=\"\" class=\"wp-image-66\" srcset=\"https:\/\/mojenoveauto.cz\/wp-content\/uploads\/2026\/02\/P1036121-small2.jpg 600w, https:\/\/mojenoveauto.cz\/wp-content\/uploads\/2026\/02\/P1036121-small2-300x290.jpg 300w\" sizes=\"auto, (max-width: 600px) 100vw, 600px\" \/><\/figure>\n<\/div>\n\n\n\n<div class=\"wp-block-column is-vertically-aligned-center is-layout-flow wp-block-column-is-layout-flow\">\n<div class=\"wp-block-columns is-layout-flex wp-container-core-columns-is-layout-28f84493 wp-block-columns-is-layout-flex\">\n<div class=\"wp-block-column is-layout-flow wp-block-column-is-layout-flow\"><\/div>\n\n\n\n<div class=\"wp-block-column is-layout-flow wp-block-column-is-layout-flow\" style=\"flex-basis:50%\">\n<h4 class=\"wp-block-heading has-text-align-left hestia-title has-text-color\" style=\"color:#3c4858;font-size:18px\"><img decoding=\"async\" class=\"wp-image-86\" style=\"width: 25px;\" src=\"http:\/\/mojenoveauto.cz\/wp-content\/themes\/hestia\/assets\/img\/contact1.png\" alt=\"Map icon\">  <strong>Kde mne najdete<\/strong><\/h4>\n\n\n\n<p class=\"has-text-align-left has-text-color\" style=\"color:#999999;font-size:14px\">Z\u00e1kladn\u011b pracuji v Praze a okol\u00ed, ale po dohod\u011b nen\u00ed probl\u00e9m se domluvit na setk\u00e1n\u00ed v jin\u00e9 lokalit\u011b. Jsem variabiln\u00ed tak, jak pot\u0159ebujete.<\/p>\n\n\n\n<div style=\"height:40px\" aria-hidden=\"true\" class=\"wp-block-spacer\"><\/div>\n\n\n\n<h4 class=\"wp-block-heading has-text-align-left hestia-title has-text-color\" style=\"color:#3c4858;font-size:18px\"><img decoding=\"async\" class=\"wp-image-98\" style=\"width: 25px;\" src=\"http:\/\/mojenoveauto.cz\/wp-content\/themes\/hestia\/assets\/img\/contact2.png\" alt=\"\">  <strong><strong>Zavolejte mi<\/strong><\/strong><\/h4>\n\n\n\n<p class=\"has-text-align-left has-text-color\" style=\"color:#999999;font-size:14px\">Petr Kr\u00e1l\u00edk<br>GSM\/WA: +420 602 550 400<br>Po-p\u00e1, 8:00-22:00<br><\/p>\n\n\n\n<div style=\"height:40px\" aria-hidden=\"true\" class=\"wp-block-spacer\"><\/div>\n\n\n\n<h4 class=\"wp-block-heading has-text-align-left hestia-title has-text-color\" style=\"color:#3c4858;font-size:18px\"><img decoding=\"async\" class=\"wp-image-105\" style=\"width: 25px;\" src=\"http:\/\/mojenoveauto.cz\/wp-content\/themes\/hestia\/assets\/img\/contact3.png\" alt=\"\"><strong>  <strong>E-mail<\/strong><\/strong><\/h4>\n\n\n\n<p class=\"has-text-align-left has-text-color\" style=\"color:#999999;font-size:14px\">petr-kralik@centrum.cz<\/p>\n<\/div>\n\n\n\n<div class=\"wp-block-column is-layout-flow wp-block-column-is-layout-flow\"><\/div>\n<\/div>\n<\/div>\n<\/div>\n\n\n\n<p><\/p>\n","protected":false},"excerpt":{"rendered":"<p>Kontaktujte mne pro detaily Kde mne najdete Z\u00e1kladn\u011b pracuji v Praze a okol\u00ed, ale po dohod\u011b nen\u00ed probl\u00e9m se domluvit na setk\u00e1n\u00ed v jin\u00e9 lokalit\u011b. Jsem variabiln\u00ed tak, jak pot\u0159ebujete. Zavolejte mi Petr Kr\u00e1l\u00edkGSM\/WA: +420 602 550 400Po-p\u00e1, 8:00-22:00 E-mail petr-kralik@centrum.cz<\/p>\n","protected":false},"author":1,"featured_media":80,"parent":0,"menu_order":0,"comment_status":"closed","ping_status":"closed","template":"page-templates\/template-pagebuilder-full-width.php","meta":{"footnotes":""},"class_list":["post-14","page","type-page","status-publish","has-post-thumbnail","hentry"],"_links":{"self":[{"href":"https:\/\/mojenoveauto.cz\/index.php\/wp-json\/wp\/v2\/pages\/14","targetHints":{"allow":["GET"]}}],"collection":[{"href":"https:\/\/mojenoveauto.cz\/index.php\/wp-json\/wp\/v2\/pages"}],"about":[{"href":"https:\/\/mojenoveauto.cz\/index.php\/wp-json\/wp\/v2\/types\/page"}],"author":[{"embeddable":true,"href":"https:\/\/mojenoveauto.cz\/index.php\/wp-json\/wp\/v2\/users\/1"}],"replies":[{"embeddable":true,"href":"https:\/\/mojenoveauto.cz\/index.php\/wp-json\/wp\/v2\/comments?post=14"}],"version-history":[{"count":5,"href":"https:\/\/mojenoveauto.cz\/index.php\/wp-json\/wp\/v2\/pages\/14\/revisions"}],"predecessor-version":[{"id":68,"href":"https:\/\/mojenoveauto.cz\/index.php\/wp-json\/wp\/v2\/pages\/14\/revisions\/68"}],"wp:featuredmedia":[{"embeddable":true,"href":"https:\/\/mojenoveauto.cz\/index.php\/wp-json\/wp\/v2\/media\/80"}],"wp:attachment":[{"href":"https:\/\/mojenoveauto.cz\/index.php\/wp-json\/wp\/v2\/media?parent=14"}],"curies":[{"name":"wp","href":"https:\/\/api.w.org\/{rel}","templated":true}]}}